{"id":1890,"date":"2022-09-26T15:19:30","date_gmt":"2022-09-26T13:19:30","guid":{"rendered":"https:\/\/sv-jersleben.de\/?page_id=1890"},"modified":"2026-04-09T17:13:09","modified_gmt":"2026-04-09T15:13:09","slug":"vorstandsbereich-uebersicht","status":"publish","type":"page","link":"https:\/\/sv-jersleben.de\/?page_id=1890","title":{"rendered":"Vorstandsbereich: \u00dcbersicht"},"content":{"rendered":"\n<!-- Geburtstage -->\n<details open class=\"details-accordion\">\n <summary>\n  <span>Mitglieder Geburtstage<\/span>\n <\/summary>\n <div class=\"details-content\">\n  <div class=\"details-content-box\">\n   <div id='member-orga-birthday' class='table-border'>\r\n\t\t\t<div class='table'>\r\n\t\t\t\t<div>\r\n\t\t\t\t\t<span class='header'>(x+30 Tage)<\/span>\r\n\t\t\t\t\t<span class='header'>wird<\/span>\r\n\t\t\t\t\t<span class='header'>am<\/span>\r\n\t\t\t\t<\/div><div><span>Wilfried K\u00fchn<\/span><span>82 Jahre<\/span><span>20.04.<\/span><\/div><div><span>Burkhard Hannemann<\/span><span>75 Jahre<\/span><span>26.04.<\/span><\/div><div><span>Heiko Hirschmann<\/span><span>60 Jahre<\/span><span>02.05.<\/span><\/div><div><span>Frank Zacharias<\/span><span>60 Jahre<\/span><span>11.05.<\/span><\/div><div><span>Diana Schulze<\/span><span>46 Jahre<\/span><span>16.05.<\/span><\/div><\/div>\r\n\t\t<\/div>\n  <\/div>\n <\/div>\n<\/details>\n\n\n\n<!-- Jubil\u00e4um -->\n<details class=\"details-accordion\">\n <summary>\n  <span>Mitgliederjubil\u00e4um<\/span>\n <\/summary>\n <div class=\"details-content\">\n  <div class=\"details-content-box\">  \n   <div id='member-orga-anniversary' class='table-border'>\r\n\t\t\t<div class='table'>\r\n\t\t\t\t<div>\r\n\t\t\t\t\t<span class='header'>(x+30 Tage)<\/span>\r\n\t\t\t\t\t<span class='header'>wird<\/span>\r\n\t\t\t\t\t<span class='header'>am<\/span>\r\n\t\t\t\t<\/div><div><span>Burkhard Hannemann<\/span><span>25 Jahre<\/span><span>01.05.<\/span><\/div><div><span>Andreas Hoffmann<\/span><span>12 Jahre<\/span><span>01.05.<\/span><\/div><div><span>Peter Schmidt<\/span><span>11 Jahre<\/span><span>01.05.<\/span><\/div><div><span>Dirk Wilke<\/span><span>29 Jahre<\/span><span>01.05.<\/span><\/div><div><span>Norman Wesp<\/span><span>7 Jahre<\/span><span>07.05.<\/span><\/div><div><span>Roland Mirbach<\/span><span>8 Jahre<\/span><span>08.05.<\/span><\/div><div><span>Erik Ressel<\/span><span>19 Jahre<\/span><span>08.05.<\/span><\/div><div><span>Kathleen B\u00fchnemann<\/span><span>26 Jahre<\/span><span>14.05.<\/span><\/div><div><span>Karel Jahn<\/span><span>26 Jahre<\/span><span>14.05.<\/span><\/div><\/div>\r\n\t\t<\/div>\n  <\/div>\n <\/div>\n<\/details>\n\n\n\n<!-- Mitglieder -->\n<details class=\"details-accordion\">\n <summary>\n  <span>Mitgliederliste<\/span>\n <\/summary>\n <div class=\"details-content\">\n  <p>Die aktuelle Mitgliederliste (nat\u00fcrlich nur sichtbar f\u00fcr den Vorstand).<a href=\"https:\/\/sv-jersleben.de\/?page_id=8083\"> \u00d6ffnen &#8230;<\/a><\/p>\n <\/div>\n<\/details>\n\n\n\n<!-- Mitgliedsbeitrag -->\n<details class=\"details-accordion\">\n <summary>\n  <span>Mitgliederbeitrag verfassen<\/span>\n <\/summary>\n <div class=\"details-content\">\n  <p>Erstelle hier einen Beitrag f\u00fcr unsere Mitglieder:<\/p>\n  <div class=\"wpforms-container wpforms-container-full\" id=\"wpforms-4604\"><form id=\"wpforms-form-4604\" class=\"wpforms-validate wpforms-form wpforms-ajax-form\" data-formid=\"4604\" method=\"post\" enctype=\"multipart\/form-data\" action=\"\/index.php?rest_route=%2Fwp%2Fv2%2Fpages%2F1890\" data-token=\"8d11450f3efcd03f2dbb9336c7ff4bc6\" data-token-time=\"1776307587\"><noscript class=\"wpforms-error-noscript\">Bitte aktiviere JavaScript in deinem Browser, um dieses Formular fertigzustellen.<\/noscript><div class=\"wpforms-field-container\"><div id=\"wpforms-4604-field_6-container\" class=\"wpforms-field wpforms-field-email\" data-field-id=\"6\"><label class=\"wpforms-field-label\" for=\"wpforms-4604-field_6\">E-Mail des Verfasser: <span class=\"wpforms-required-label\">*<\/span><\/label><input type=\"email\" id=\"wpforms-4604-field_6\" class=\"wpforms-field-medium wpforms-field-required\" name=\"wpforms[fields][6]\" spellcheck=\"false\" required><\/div><div id=\"wpforms-4604-field_3-container\" class=\"wpforms-field wpforms-field-text\" data-field-id=\"3\"><label class=\"wpforms-field-label\" for=\"wpforms-4604-field_3\">Titel | Betreff des Beitrages   <span class=\"wpforms-required-label\">*<\/span><\/label><input type=\"text\" id=\"wpforms-4604-field_3\" class=\"wpforms-field-medium wpforms-field-required\" name=\"wpforms[fields][3]\" required><\/div><div id=\"wpforms-4604-field_5-container\" class=\"wpforms-field wpforms-field-textarea\" data-field-id=\"5\"><label class=\"wpforms-field-label\" for=\"wpforms-4604-field_5\">Bitte hier den Beitrag verfassen: <span class=\"wpforms-required-label\">*<\/span><\/label><textarea id=\"wpforms-4604-field_5\" class=\"wpforms-field-large wpforms-field-required\" name=\"wpforms[fields][5]\" required><\/textarea><\/div><\/div><!-- .wpforms-field-container --><div class=\"wpforms-submit-container\" ><input type=\"hidden\" name=\"wpforms[id]\" value=\"4604\"><input type=\"hidden\" name=\"page_title\" value=\"\"><input type=\"hidden\" name=\"page_url\" value=\"https:\/\/sv-jersleben.de\/index.php?rest_route=\/wp\/v2\/pages\/1890\"><input type=\"hidden\" name=\"url_referer\" value=\"\"><button type=\"submit\" name=\"wpforms[submit]\" id=\"wpforms-submit-4604\" class=\"wpforms-submit\" data-alt-text=\"Senden\u2026\" data-submit-text=\"Absenden\" aria-live=\"assertive\" value=\"wpforms-submit\">Absenden<\/button><img loading=\"lazy\" decoding=\"async\" src=\"https:\/\/sv-jersleben.de\/wp-content\/plugins\/wpforms-lite\/assets\/images\/submit-spin.svg\" class=\"wpforms-submit-spinner\" style=\"display: none;\" width=\"26\" height=\"26\" alt=\"Wird geladen\"><\/div><\/form><\/div>  <!-- .wpforms-container -->\n  <p>Alternativ kannst Du auch eine Email verfassen und an die Adresse <a class=\"executive_next\" href=\"mailto:blog@sv-jersleben.de\">blog@sv-jersleben.de<\/a> senden. Der Emailbetreff steht dann f\u00fcr den Titel des Beitrages, der Emailinhalt stellt den Content des Beitrages. \u00dcber den Blog\/ Beitrag werden dann alle registrierten Benutzer per Email informiert.<\/p>\n <\/div>\n<\/details>\n\n\n\n<!-- Rechnungen -->\n<details class=\"details-accordion\">\n <summary>\n  <span>Startgeldrechnungen des Landes<\/span>\n <\/summary>\n <div class=\"details-content\">\n  <p>Startgeldrechnung des Landes 2025 (absteigend)<\/p>\n  <section class=\"medialist-embedded-section\"><div mediajqref=\"medialist-construct\" id=\"mlid-69e04d8382018\"class=\"medialist ml-white\" data-instance=\"69e04d8382018\" data-token=\"15\" data-paging=\"1\"><ul class=\"ml-ul-ml-white\" style=\"list-style-type:none;\"><li class=\"ml-li-ml-white\"><a class=\"ml-item-ml-white medialist-ml-white pdf\"href=\"https:\/\/sv-jersleben.de\/wp-content\/uploads\/2025\/04\/RG18299.pdf\"target=\"_blank\">23.04.2025_RG18299 <span class=\"ml-details-ml-white\">pdf 34 KB<\/span><\/a><\/li><li class=\"ml-li-ml-white\"><a class=\"ml-item-ml-white medialist-ml-white pdf\"href=\"https:\/\/sv-jersleben.de\/wp-content\/uploads\/2025\/02\/RG17794-1.pdf\"target=\"_blank\">13.02.2025_RG17794 <span class=\"ml-details-ml-white\">pdf 34.1 KB<\/span><\/a><\/li><li class=\"ml-li-ml-white\"><a class=\"ml-item-ml-white medialist-ml-white pdf\"href=\"https:\/\/sv-jersleben.de\/wp-content\/uploads\/2025\/01\/RG17546.pdf\"target=\"_blank\">08.01.2025_RG17546 <span class=\"ml-details-ml-white\">pdf 34 KB<\/span><\/a><\/li><li class=\"ml-li-ml-white\"><a class=\"ml-item-ml-white medialist-ml-white pdf\"href=\"https:\/\/sv-jersleben.de\/wp-content\/uploads\/2025\/05\/RG18392.pdf\"target=\"_blank\">07.05.2025_RG18392 <span class=\"ml-details-ml-white\">pdf 34 KB<\/span><\/a><\/li><li class=\"ml-li-ml-white\"><a class=\"ml-item-ml-white medialist-ml-white pdf\"href=\"https:\/\/sv-jersleben.de\/wp-content\/uploads\/2025\/06\/RG18597-5.pdf\"target=\"_blank\">06.06.2025_RG18597 <span class=\"ml-details-ml-white\">pdf 34 KB<\/span><\/a><\/li><li class=\"ml-li-ml-white\"><a class=\"ml-item-ml-white medialist-ml-white pdf\"href=\"https:\/\/sv-jersleben.de\/wp-content\/uploads\/2025\/06\/RG18566.pdf\"target=\"_blank\">02.06.2025_RG18566 <span class=\"ml-details-ml-white\">pdf 34 KB<\/span><\/a><\/li><\/ul><\/div><\/section>\n <\/div>\n<\/details>\n\n\n\n<!-- Upload -->\n<details class=\"details-accordion\">\n <summary>\n  <span>Datei Upload<\/span>\n <\/summary>\n <div class=\"details-content\">\n  <p>Lade hier Dateien hoch, um diese zu ver\u00f6ffentlichen oder um diese zu hinterlegen:<\/p>\n  \n <\/div>\n<\/details>\n\n\n\n<div class=\"myhr\">\n<hr>\n<\/div>\n\n\n\n<p class=\"p_kommentar\">Tragt gerne unten in den Kommentaren Eure W\u00fcnsche, Ideen ein, um den Inhalt der Website zu erweitern. Ich pr\u00fcfe das gerne und wenn es sich umsetzten l\u00e4sst, warum nicht. ?\nEmail: <a href=\"mailto:webmaster@sv-jersleben.de\">webmaster@sv-jersleben.de<\/a><\/p>\n","protected":false},"excerpt":{"rendered":"<p>Mitglieder Geburtstage Mitgliederjubil\u00e4um Mitgliederliste Die aktuelle Mitgliederliste (nat\u00fcrlich nur sichtbar f\u00fcr den Vorstand). \u00d6ffnen &#8230; Mitgliederbeitrag verfassen Erstelle hier einen Beitrag f\u00fcr unsere Mitglieder: Alternativ kannst Du auch eine Email verfassen und an die Adresse blog@sv-jersleben.de senden. Der Emailbetreff steht dann f\u00fcr den Titel des Beitrages, der Emailinhalt stellt den Content des Beitrages. \u00dcber den Blog\/ Beitrag werden dann alle registrierten Benutzer per Email informiert. Startgeldrechnungen des Landes Startgeldrechnung des Landes 2025 (absteigend) Datei Upload Lade hier Dateien hoch, um diese zu ver\u00f6ffentlichen oder um diese zu hinterlegen: Tragt gerne unten in den Kommentaren Eure W\u00fcnsche, Ideen ein, um den Inhalt der Website zu erweitern. Ich pr\u00fcfe das gerne und wenn es sich umsetzten l\u00e4sst, warum nicht. ? Email: webmaster@sv-jersleben.de<\/p>\n","protected":false},"author":24,"featured_media":0,"parent":0,"menu_order":0,"comment_status":"closed","ping_status":"closed","template":"","meta":{"_cbd_carousel_blocks":"[]","footnotes":""},"categories":[],"tags":[],"class_list":["post-1890","page","type-page","status-publish","hentry"],"publishpress_future_workflow_manual_trigger":{"enabledWorkflows":[]},"_links":{"self":[{"href":"https:\/\/sv-jersleben.de\/index.php?rest_route=\/wp\/v2\/pages\/1890","targetHints":{"allow":["GET"]}}],"collection":[{"href":"https:\/\/sv-jersleben.de\/index.php?rest_route=\/wp\/v2\/pages"}],"about":[{"href":"https:\/\/sv-jersleben.de\/index.php?rest_route=\/wp\/v2\/types\/page"}],"author":[{"embeddable":true,"href":"https:\/\/sv-jersleben.de\/index.php?rest_route=\/wp\/v2\/users\/24"}],"replies":[{"embeddable":true,"href":"https:\/\/sv-jersleben.de\/index.php?rest_route=%2Fwp%2Fv2%2Fcomments&post=1890"}],"version-history":[{"count":297,"href":"https:\/\/sv-jersleben.de\/index.php?rest_route=\/wp\/v2\/pages\/1890\/revisions"}],"predecessor-version":[{"id":19558,"href":"https:\/\/sv-jersleben.de\/index.php?rest_route=\/wp\/v2\/pages\/1890\/revisions\/19558"}],"wp:attachment":[{"href":"https:\/\/sv-jersleben.de\/index.php?rest_route=%2Fwp%2Fv2%2Fmedia&parent=1890"}],"wp:term":[{"taxonomy":"category","embeddable":true,"href":"https:\/\/sv-jersleben.de\/index.php?rest_route=%2Fwp%2Fv2%2Fcategories&post=1890"},{"taxonomy":"post_tag","embeddable":true,"href":"https:\/\/sv-jersleben.de\/index.php?rest_route=%2Fwp%2Fv2%2Ftags&post=1890"}],"curies":[{"name":"wp","href":"https:\/\/api.w.org\/{rel}","templated":true}]}}