{"id":207,"date":"2022-09-20T20:41:48","date_gmt":"2022-09-20T18:41:48","guid":{"rendered":"https:\/\/sv-jersleben.de\/?page_id=207"},"modified":"2026-01-09T22:20:47","modified_gmt":"2026-01-09T21:20:47","slug":"unser-verein","status":"publish","type":"page","link":"https:\/\/sv-jersleben.de\/?page_id=207","title":{"rendered":"Unser Verein"},"content":{"rendered":"\n<div>\n<figure style=\"float: inline-end; margin-left: 5px;\" class=\"wp-block-image size-full is-resized\">\n <a class=\"fancybox\" href=\"https:\/\/sv-jersleben.de\/wp-content\/uploads\/2022\/09\/koenig-2015-salut-2_640.jpg\">\n<img loading=\"lazy\" decoding=\"async\" src=\"https:\/\/sv-jersleben.de\/wp-content\/uploads\/2022\/09\/koenig-2015-salut-2_640.jpg\" alt=\"\" class=\"wp-image-212\" width=\"320\" height=\"213\" srcset=\"https:\/\/sv-jersleben.de\/wp-content\/uploads\/2022\/09\/koenig-2015-salut-2_640.jpg 640w, https:\/\/sv-jersleben.de\/wp-content\/uploads\/2022\/09\/koenig-2015-salut-2_640-300x200.jpg 300w\" sizes=\"auto, (max-width: 320px) 100vw, 320px\" \/><\/a><figcaption style=\"text-align:left; padding-left:10px;\"><p><\/p><p>Salut<\/p><\/figcaption><\/figure> \n<p>Der Sch\u00fctzenverein Jersleben e.V. ist ein eingetragener Verein. Er ist politisch und konfessionell neutral.<\/p>\n<p>Der Verein bezweckt den freiwilligen Zusammenschluss von Frauen und M\u00e4nnern, Jugendlichen und Kindern unter Anerkennung der Satzung auf freiwilliger Grundlage zur:<\/p>\n<p><\/p>\n<ul class=\"verein-li-style\">\n<li>Pflege und Aus\u00fcbung des Sportschiessen als Leibes\u00fcbung und zur k\u00f6rperlichen Ert\u00fcchtigung; \n<li>Pflege und Wahrung des Sch\u00fctzenbrauchtums, der Geselligkeit und der Kameradschaft;\n<li>Errichtung und Erhalt einer Schiesssportst\u00e4tte in Jersleben;\n<li>Durchf\u00fchrung von schiesssportlichen Wettk\u00e4mpfen, Trainingskursen aller Art mit dem Ziel der <li>Erhaltung und Steigerung der schiesssportlichen Leistungen; \n<li>Durchf\u00fchrung der Jugendarbeit zur F\u00f6rderung des Sch\u00fctzennachwuches und des Breitensports.\n<\/ul>\n<p><\/p>\n<p>Der Verein ist Mitglied im <a href=\"https:\/\/www.sv-st.de\">Landessch\u00fctzenverband Sachsen Anhalt<\/a> und im <a href=\"https:\/\/www.lsb-sachsen-anhalt.de\">Landessportbund Sachsen Anhalt<\/a>.<\/p>\n<figure class=\"wp-block-image size-large\">\n<a class=\"fancybox\" href=\"https:\/\/sv-jersleben.de\/wp-content\/uploads\/2022\/09\/vereinsheim-1_1038-1024x683.jpg\">\n\n<img loading=\"lazy\" decoding=\"async\" width=\"1024\" height=\"683\" src=\"https:\/\/sv-jersleben.de\/wp-content\/uploads\/2022\/09\/vereinsheim-1_1038-1024x683.jpg\" alt=\"\" class=\"wp-image-230\" srcset=\"https:\/\/sv-jersleben.de\/wp-content\/uploads\/2022\/09\/vereinsheim-1_1038-1024x683.jpg 1024w, https:\/\/sv-jersleben.de\/wp-content\/uploads\/2022\/09\/vereinsheim-1_1038-300x200.jpg 300w, https:\/\/sv-jersleben.de\/wp-content\/uploads\/2022\/09\/vereinsheim-1_1038-768x512.jpg 768w, https:\/\/sv-jersleben.de\/wp-content\/uploads\/2022\/09\/vereinsheim-1_1038.jpg 1038w\" sizes=\"auto, (max-width: 1024px) 100vw, 1024px\" \/><\/a>\n\n<figcaption style=\"text-align:left; padding-left:10px;\"><p><\/p><p>Vereinsheim<\/p><\/figcaption><\/figure>\n<\/div>\n\n\n\n<div style=\"height:30px\" aria-hidden=\"true\" class=\"wp-block-spacer\"><\/div>\n\n\n\n<h3 class=\"wp-block-heading\">Weitere Informationen downloaden<\/h3>\n\n\n\n<p><a class=\"fancybox-pdf\" href=\"https:\/\/sv-jersleben.de\/wp-content\/uploads\/2022\/09\/satzung-sv-jersleben.pdf\" target=\"_blank\" rel=\"noreferrer noopener\">Satzung des Sch\u00fctzenverein Jersleben e.V.<\/a>&nbsp;[52 KB]&nbsp;&nbsp;<\/p>\n\n\n\n<p><a class=\"fancybox-pdf\" href=\"https:\/\/sv-jersleben.de\/wp-content\/uploads\/2025\/06\/GO-des-SVJ-vom-27.03.2025-final.pdf\" target=\"_blank\" rel=\"noreferrer noopener\">Gesch\u00e4ftsordnung des Sch\u00fctzenverein Jersleben e.V.<\/a>&nbsp;[329 KB]&nbsp;<\/p>\n\n\n\n<p><a class=\"fancybox-pdf\" href=\"https:\/\/sv-jersleben.de\/wp-content\/uploads\/2022\/09\/kleiderordnung-svj.pdf\">Kleiderordnung<\/a>&nbsp;[114 KB]&nbsp;<\/p>\n\n\n\n<p><a class=\"fancybox-pdf\" href=\"https:\/\/sv-jersleben.de\/wp-content\/uploads\/2022\/09\/aufnahmeantrag_neu.pdf\">Aufnahmeantrag mit Datenschutzerkl\u00e4rung<\/a>&nbsp;[37 KB]&nbsp;<\/p>\n\n\n\n<div style=\"display:none;\">\n<a  data-e-Disable-Page-Transition=\"true\" class=\"download-link\" title=\"Version 4.0\" href=\"https:\/\/sv-jersleben.de?download=14894&amp;tmstv=1776307554\" rel=\"nofollow\" id=\"download-link-14894\" data-redirect=\"false\" >\n\tGesch\u00e4ftsordnung des SV Jersleben e.V.\t(484 Downloads\t)\n<\/a>\n\n<\/div>\n","protected":false},"excerpt":{"rendered":"<p>Salut Der Sch\u00fctzenverein Jersleben e.V. ist ein eingetragener Verein. Er ist politisch und konfessionell neutral. Der Verein bezweckt den freiwilligen Zusammenschluss von Frauen und M\u00e4nnern, Jugendlichen und Kindern unter Anerkennung der Satzung auf freiwilliger Grundlage zur: Pflege und Aus\u00fcbung des Sportschiessen als Leibes\u00fcbung und zur k\u00f6rperlichen Ert\u00fcchtigung; Pflege und Wahrung des Sch\u00fctzenbrauchtums, der Geselligkeit und der Kameradschaft; Errichtung und Erhalt einer Schiesssportst\u00e4tte in Jersleben; Durchf\u00fchrung von schiesssportlichen Wettk\u00e4mpfen, Trainingskursen aller Art mit dem Ziel der Erhaltung und Steigerung der schiesssportlichen Leistungen; Durchf\u00fchrung der Jugendarbeit zur F\u00f6rderung des Sch\u00fctzennachwuches und des Breitensports. Der Verein ist Mitglied im Landessch\u00fctzenverband Sachsen Anhalt und im Landessportbund Sachsen Anhalt. Vereinsheim Weitere Informationen downloaden Satzung des Sch\u00fctzenverein Jersleben e.V.&nbsp;[52 KB]&nbsp;&nbsp; Gesch\u00e4ftsordnung des Sch\u00fctzenverein Jersleben e.V.&nbsp;[329 KB]&nbsp; Kleiderordnung&nbsp;[114 KB]&nbsp; Aufnahmeantrag mit Datenschutzerkl\u00e4rung&nbsp;[37 KB]&nbsp;<\/p>\n","protected":false},"author":24,"featured_media":0,"parent":0,"menu_order":0,"comment_status":"closed","ping_status":"closed","template":"","meta":{"_cbd_carousel_blocks":"[]","footnotes":""},"categories":[],"tags":[],"class_list":["post-207","page","type-page","status-publish","hentry"],"publishpress_future_workflow_manual_trigger":{"enabledWorkflows":[]},"_links":{"self":[{"href":"https:\/\/sv-jersleben.de\/index.php?rest_route=\/wp\/v2\/pages\/207","targetHints":{"allow":["GET"]}}],"collection":[{"href":"https:\/\/sv-jersleben.de\/index.php?rest_route=\/wp\/v2\/pages"}],"about":[{"href":"https:\/\/sv-jersleben.de\/index.php?rest_route=\/wp\/v2\/types\/page"}],"author":[{"embeddable":true,"href":"https:\/\/sv-jersleben.de\/index.php?rest_route=\/wp\/v2\/users\/24"}],"replies":[{"embeddable":true,"href":"https:\/\/sv-jersleben.de\/index.php?rest_route=%2Fwp%2Fv2%2Fcomments&post=207"}],"version-history":[{"count":72,"href":"https:\/\/sv-jersleben.de\/index.php?rest_route=\/wp\/v2\/pages\/207\/revisions"}],"predecessor-version":[{"id":18767,"href":"https:\/\/sv-jersleben.de\/index.php?rest_route=\/wp\/v2\/pages\/207\/revisions\/18767"}],"wp:attachment":[{"href":"https:\/\/sv-jersleben.de\/index.php?rest_route=%2Fwp%2Fv2%2Fmedia&parent=207"}],"wp:term":[{"taxonomy":"category","embeddable":true,"href":"https:\/\/sv-jersleben.de\/index.php?rest_route=%2Fwp%2Fv2%2Fcategories&post=207"},{"taxonomy":"post_tag","embeddable":true,"href":"https:\/\/sv-jersleben.de\/index.php?rest_route=%2Fwp%2Fv2%2Ftags&post=207"}],"curies":[{"name":"wp","href":"https:\/\/api.w.org\/{rel}","templated":true}]}}