{"id":264,"date":"2022-09-20T20:19:58","date_gmt":"2022-09-20T18:19:58","guid":{"rendered":"https:\/\/sv-jersleben.de\/?page_id=264"},"modified":"2023-10-06T21:43:59","modified_gmt":"2023-10-06T19:43:59","slug":"unsere-majestaeten","status":"publish","type":"page","link":"https:\/\/sv-jersleben.de\/?page_id=264","title":{"rendered":"Unsere Majest\u00e4ten"},"content":{"rendered":"\n<div class=\"wp-block-group\"><div class=\"wp-block-group__inner-container is-layout-flow wp-block-group-is-layout-flow\">\n<h2 class=\"wp-block-heading\">2019<\/h2>\n\n\n\n<figure class=\"wp-block-image size-full\">\n <a class=\"fancybox\" href=\"https:\/\/sv-jersleben.de\/wp-content\/uploads\/2022\/majestaeten\/2019_k_dirk.jpg\">  \n  <img loading=\"lazy\" decoding=\"async\" width=\"803\" height=\"1200\" src=\"https:\/\/sv-jersleben.de\/wp-content\/uploads\/2022\/majestaeten\/2019_k_dirk.jpg\" alt=\"\" class=\"wp-image-527\" srcset=\"https:\/\/sv-jersleben.de\/wp-content\/uploads\/2022\/majestaeten\/2019_k_dirk.jpg 803w, https:\/\/sv-jersleben.de\/wp-content\/uploads\/2022\/majestaeten\/2019_k_dirk-201x300.jpg 201w, https:\/\/sv-jersleben.de\/wp-content\/uploads\/2022\/majestaeten\/2019_k_dirk-685x1024.jpg 685w, https:\/\/sv-jersleben.de\/wp-content\/uploads\/2022\/majestaeten\/2019_k_dirk-768x1148.jpg 768w\" sizes=\"auto, (max-width: 803px) 100vw, 803px\" \/>\n <\/a>\n <figcaption style=\"text-align:left; padding-left:10px;\"><p><\/p><p>Dirk<\/p>\n <\/figcaption>\n<\/figure>\n<\/div><\/div>\n\n\n\n<div style=\"height:30px\" aria-hidden=\"true\" class=\"wp-block-spacer\"><\/div>\n\n\n\n<div class=\"wp-block-group\"><div class=\"wp-block-group__inner-container is-layout-flow wp-block-group-is-layout-flow\">\n<h2 class=\"wp-block-heading\">2018<\/h2>\n\n\n\n<figure class=\"wp-block-image size-full\">\n <a class=\"fancybox\" href=\"https:\/\/sv-jersleben.de\/wp-content\/uploads\/2022\/majestaeten\/2018_k_ronny.jpg\">\n  <img decoding=\"async\" src=\"https:\/\/sv-jersleben.de\/wp-content\/uploads\/2022\/majestaeten\/2018_k_ronny.jpg\" alt=\"\" class=\"wp-image-527\">\n  <\/a>\n <figcaption style=\"text-align:left; padding-left:10px;\"><p><\/p><p>Ronny<\/p>\n <\/figcaption>\n<\/figure>\n<\/div><\/div>\n\n\n\n<div style=\"height:30px\" aria-hidden=\"true\" class=\"wp-block-spacer\"><\/div>\n\n\n\n<div class=\"wp-block-group\"><div class=\"wp-block-group__inner-container is-layout-flow wp-block-group-is-layout-flow\">\n<h2 class=\"wp-block-heading\">2017<\/h2>\n\n\n\n<figure class=\"wp-block-image size-full\">\n  <a class=\"fancybox\" href=\"https:\/\/sv-jersleben.de\/wp-content\/uploads\/2022\/majestaeten\/2017_k_joerg.jpg\">\n <img decoding=\"async\" src=\"https:\/\/sv-jersleben.de\/wp-content\/uploads\/2022\/majestaeten\/2017_k_joerg.jpg\" alt=\"\" class=\"wp-image-527\">\n <\/a>\n  <figcaption style=\"text-align:left; padding-left:10px;\"><p><\/p><p>J\u00f6rg<\/p>\n <\/figcaption>\n<\/figure>\n<\/div><\/div>\n\n\n\n<div style=\"height:30px\" aria-hidden=\"true\" class=\"wp-block-spacer\"><\/div>\n\n\n\n<div class=\"wp-block-group\"><div class=\"wp-block-group__inner-container is-layout-flow wp-block-group-is-layout-flow\">\n<h2 class=\"wp-block-heading\">2016<\/h2>\n\n\n\n<figure class=\"wp-block-image size-full\">\n <a class=\"fancybox\" href=\"https:\/\/sv-jersleben.de\/wp-content\/uploads\/2022\/majestaeten\/2016_k_peter.jpg\">\n  <img decoding=\"async\" src=\"https:\/\/sv-jersleben.de\/wp-content\/uploads\/2022\/majestaeten\/2016_k_peter.jpg\" alt=\"\" class=\"wp-image-527\">\n <\/a>\n <figcaption style=\"text-align:left; padding-left:10px;\"><p><\/p><p>Peter<\/p>\n <\/figcaption>\n<\/figure>\n<\/div><\/div>\n\n\n\n<div style=\"height:30px\" aria-hidden=\"true\" class=\"wp-block-spacer\"><\/div>\n\n\n\n<div class=\"wp-block-group\"><div class=\"wp-block-group__inner-container is-layout-flow wp-block-group-is-layout-flow\">\n<h2 class=\"wp-block-heading\">2015<\/h2>\n\n\n\n<figure class=\"wp-block-image size-full\">\n <a class=\"fancybox\" href=\"https:\/\/sv-jersleben.de\/wp-content\/uploads\/2022\/majestaeten\/2015_k_karl.jpg\">\n  <img decoding=\"async\" src=\"https:\/\/sv-jersleben.de\/wp-content\/uploads\/2022\/majestaeten\/2015_k_karl.jpg\" alt=\"\" class=\"wp-image-527\">\n <\/a>\n <figcaption style=\"text-align:left; padding-left:10px;\"><p><\/p><p>Karl<\/p>\n <\/figcaption>\n<\/figure>\n<\/div><\/div>\n\n\n\n<div style=\"height:30px\" aria-hidden=\"true\" class=\"wp-block-spacer\"><\/div>\n\n\n\n<div class=\"wp-block-group\"><div class=\"wp-block-group__inner-container is-layout-flow wp-block-group-is-layout-flow\">\n<h2 class=\"wp-block-heading\">2014<\/h2>\n\n\n\n<figure class=\"wp-block-image size-full\">\n <a class=\"fancybox\" href=\"https:\/\/sv-jersleben.de\/wp-content\/uploads\/2022\/majestaeten\/2014_k_kathleen.jpg\">\n  <img decoding=\"async\" src=\"https:\/\/sv-jersleben.de\/wp-content\/uploads\/2022\/majestaeten\/2014_k_kathleen.jpg\" alt=\"\" class=\"wp-image-527\">\n <\/a>\n <figcaption style=\"text-align:left; padding-left:10px;\"><p><\/p><p>Kathleen<\/p>\n <\/figcaption>\n<\/figure>\n<\/div><\/div>\n\n\n\n<div style=\"height:30px\" aria-hidden=\"true\" class=\"wp-block-spacer\"><\/div>\n\n\n\n<p>2013 Volker B\u00fchnemann<\/p>\n<p>2012 Amtierender Karl Jahn<\/p>\n<p>2011 Karl Jahn<\/p>\n<p>2010 Ralf Schuppe<\/p>\n<p>2009 J\u00fcrgen Liebold<\/p>\n<p>2008 Karl Jahn<\/p>\n<p>2007 Detlef Solf<\/p>\n<p>2006 Volker B\u00fchnemann<\/p>\n<p>2005 Ralf Schuppe<\/p>\n<p>2004 Klaus Hillmann<\/p>\n<p>2003 Uwe Sch\u00f6nfisch<\/p>\n<p>2002 Dirk Wilke<\/p>\n<p>2001 Heinz Dobelke<\/p>\n<p>2000 Wolfgang Siska<\/p>\n\n\n\n<p><\/p>\n","protected":false},"excerpt":{"rendered":"<p>2019 Dirk 2018 Ronny 2017 J\u00f6rg 2016 Peter 2015 Karl 2014 Kathleen 2013 Volker B\u00fchnemann 2012 Amtierender Karl Jahn 2011 Karl Jahn 2010 Ralf Schuppe 2009 J\u00fcrgen Liebold 2008 Karl Jahn 2007 Detlef Solf 2006 Volker B\u00fchnemann 2005 Ralf Schuppe 2004 Klaus Hillmann 2003 Uwe Sch\u00f6nfisch 2002 Dirk Wilke 2001 Heinz Dobelke 2000 Wolfgang Siska<\/p>\n","protected":false},"author":24,"featured_media":0,"parent":0,"menu_order":0,"comment_status":"closed","ping_status":"closed","template":"","meta":{"_cbd_carousel_blocks":"[]","footnotes":""},"categories":[],"tags":[],"class_list":["post-264","page","type-page","status-publish","hentry"],"publishpress_future_workflow_manual_trigger":{"enabledWorkflows":[]},"_links":{"self":[{"href":"https:\/\/sv-jersleben.de\/index.php?rest_route=\/wp\/v2\/pages\/264","targetHints":{"allow":["GET"]}}],"collection":[{"href":"https:\/\/sv-jersleben.de\/index.php?rest_route=\/wp\/v2\/pages"}],"about":[{"href":"https:\/\/sv-jersleben.de\/index.php?rest_route=\/wp\/v2\/types\/page"}],"author":[{"embeddable":true,"href":"https:\/\/sv-jersleben.de\/index.php?rest_route=\/wp\/v2\/users\/24"}],"replies":[{"embeddable":true,"href":"https:\/\/sv-jersleben.de\/index.php?rest_route=%2Fwp%2Fv2%2Fcomments&post=264"}],"version-history":[{"count":42,"href":"https:\/\/sv-jersleben.de\/index.php?rest_route=\/wp\/v2\/pages\/264\/revisions"}],"predecessor-version":[{"id":13504,"href":"https:\/\/sv-jersleben.de\/index.php?rest_route=\/wp\/v2\/pages\/264\/revisions\/13504"}],"wp:attachment":[{"href":"https:\/\/sv-jersleben.de\/index.php?rest_route=%2Fwp%2Fv2%2Fmedia&parent=264"}],"wp:term":[{"taxonomy":"category","embeddable":true,"href":"https:\/\/sv-jersleben.de\/index.php?rest_route=%2Fwp%2Fv2%2Fcategories&post=264"},{"taxonomy":"post_tag","embeddable":true,"href":"https:\/\/sv-jersleben.de\/index.php?rest_route=%2Fwp%2Fv2%2Ftags&post=264"}],"curies":[{"name":"wp","href":"https:\/\/api.w.org\/{rel}","templated":true}]}}